{"id":31476,"date":"2024-01-29T13:48:44","date_gmt":"2024-01-29T12:48:44","guid":{"rendered":"https:\/\/camping-cudrefin.ch\/kontakt-anfahrt\/"},"modified":"2024-11-19T12:24:47","modified_gmt":"2024-11-19T11:24:47","slug":"kontakt-anfahrt","status":"publish","type":"page","link":"https:\/\/camping-cudrefin.ch\/de\/kontakt-anfahrt\/","title":{"rendered":"Kontakt &amp; Anfahrt"},"content":{"rendered":"\t\t<div data-elementor-type=\"wp-page\" data-elementor-id=\"31476\" class=\"elementor elementor-31476 elementor-28975\" data-elementor-post-type=\"page\">\n\t\t\t\t<div class=\"elementor-element elementor-element-ebd4a69 e-flex e-con-boxed e-con e-parent\" data-id=\"ebd4a69\" data-element_type=\"container\" data-e-type=\"container\">\n\t\t\t\t\t<div class=\"e-con-inner\">\n\t\t\t\t<div class=\"elementor-element elementor-element-9c99770 elementor-align-left elementor-widget__width-auto elementor-widget elementor-widget-button\" data-id=\"9c99770\" data-element_type=\"widget\" data-e-type=\"widget\" data-widget_type=\"button.default\">\n\t\t\t\t<div class=\"elementor-widget-container\">\n\t\t\t\t\t\t\t\t\t<div class=\"elementor-button-wrapper\">\n\t\t\t\t\t<a class=\"elementor-button elementor-button-link elementor-size-md\" href=\"tel:+41266773277\">\n\t\t\t\t\t\t<span class=\"elementor-button-content-wrapper\">\n\t\t\t\t\t\t<span class=\"elementor-button-icon\">\n\t\t\t\t<svg aria-hidden=\"true\" class=\"e-font-icon-svg e-fas-phone-alt\" viewBox=\"0 0 512 512\" xmlns=\"http:\/\/www.w3.org\/2000\/svg\"><path d=\"M497.39 361.8l-112-48a24 24 0 0 0-28 6.9l-49.6 60.6A370.66 370.66 0 0 1 130.6 204.11l60.6-49.6a23.94 23.94 0 0 0 6.9-28l-48-112A24.16 24.16 0 0 0 122.6.61l-104 24A24 24 0 0 0 0 48c0 256.5 207.9 464 464 464a24 24 0 0 0 23.4-18.6l24-104a24.29 24.29 0 0 0-14.01-27.6z\"><\/path><\/svg>\t\t\t<\/span>\n\t\t\t\t\t\t\t\t\t<span class=\"elementor-button-text\">+41 26 677 32 77<\/span>\n\t\t\t\t\t<\/span>\n\t\t\t\t\t<\/a>\n\t\t\t\t<\/div>\n\t\t\t\t\t\t\t\t<\/div>\n\t\t\t\t<\/div>\n\t\t\t\t<div class=\"elementor-element elementor-element-9e56d7e elementor-align-left elementor-widget__width-auto elementor-widget elementor-widget-button\" data-id=\"9e56d7e\" data-element_type=\"widget\" data-e-type=\"widget\" data-widget_type=\"button.default\">\n\t\t\t\t<div class=\"elementor-widget-container\">\n\t\t\t\t\t\t\t\t\t<div class=\"elementor-button-wrapper\">\n\t\t\t\t\t<a class=\"elementor-button elementor-button-link elementor-size-md\" href=\"mailto:camping@cudrefin.ch\">\n\t\t\t\t\t\t<span class=\"elementor-button-content-wrapper\">\n\t\t\t\t\t\t<span class=\"elementor-button-icon\">\n\t\t\t\t<svg aria-hidden=\"true\" class=\"e-font-icon-svg e-fas-envelope\" viewBox=\"0 0 512 512\" xmlns=\"http:\/\/www.w3.org\/2000\/svg\"><path d=\"M502.3 190.8c3.9-3.1 9.7-.2 9.7 4.7V400c0 26.5-21.5 48-48 48H48c-26.5 0-48-21.5-48-48V195.6c0-5 5.7-7.8 9.7-4.7 22.4 17.4 52.1 39.5 154.1 113.6 21.1 15.4 56.7 47.8 92.2 47.6 35.7.3 72-32.8 92.3-47.6 102-74.1 131.6-96.3 154-113.7zM256 320c23.2.4 56.6-29.2 73.4-41.4 132.7-96.3 142.8-104.7 173.4-128.7 5.8-4.5 9.2-11.5 9.2-18.9v-19c0-26.5-21.5-48-48-48H48C21.5 64 0 85.5 0 112v19c0 7.4 3.4 14.3 9.2 18.9 30.6 23.9 40.7 32.4 173.4 128.7 16.8 12.2 50.2 41.8 73.4 41.4z\"><\/path><\/svg>\t\t\t<\/span>\n\t\t\t\t\t\t\t\t\t<span class=\"elementor-button-text\">camping@cudrefin.ch<\/span>\n\t\t\t\t\t<\/span>\n\t\t\t\t\t<\/a>\n\t\t\t\t<\/div>\n\t\t\t\t\t\t\t\t<\/div>\n\t\t\t\t<\/div>\n\t\t\t\t<div class=\"elementor-element elementor-element-821dd00 elementor-align-left elementor-widget__width-auto elementor-widget elementor-widget-button\" data-id=\"821dd00\" data-element_type=\"widget\" data-e-type=\"widget\" data-widget_type=\"button.default\">\n\t\t\t\t<div class=\"elementor-widget-container\">\n\t\t\t\t\t\t\t\t\t<div class=\"elementor-button-wrapper\">\n\t\t\t\t\t<a class=\"elementor-button elementor-button-link elementor-size-md\" href=\"https:\/\/camping-cudrefin.ch\/de\/dauermieter-werden\/\">\n\t\t\t\t\t\t<span class=\"elementor-button-content-wrapper\">\n\t\t\t\t\t\t<span class=\"elementor-button-icon\">\n\t\t\t\t<svg aria-hidden=\"true\" class=\"e-font-icon-svg e-fas-house-user\" viewBox=\"0 0 576 512\" xmlns=\"http:\/\/www.w3.org\/2000\/svg\"><path d=\"M570.69,236.27,512,184.44V48a16,16,0,0,0-16-16H432a16,16,0,0,0-16,16V99.67L314.78,10.3C308.5,4.61,296.53,0,288,0s-20.46,4.61-26.74,10.3l-256,226A18.27,18.27,0,0,0,0,248.2a18.64,18.64,0,0,0,4.09,10.71L25.5,282.7a21.14,21.14,0,0,0,12,5.3,21.67,21.67,0,0,0,10.69-4.11l15.9-14V480a32,32,0,0,0,32,32H480a32,32,0,0,0,32-32V269.88l15.91,14A21.94,21.94,0,0,0,538.63,288a20.89,20.89,0,0,0,11.87-5.31l21.41-23.81A21.64,21.64,0,0,0,576,248.19,21,21,0,0,0,570.69,236.27ZM288,176a64,64,0,1,1-64,64A64,64,0,0,1,288,176ZM400,448H176a16,16,0,0,1-16-16,96,96,0,0,1,96-96h64a96,96,0,0,1,96,96A16,16,0,0,1,400,448Z\"><\/path><\/svg>\t\t\t<\/span>\n\t\t\t\t\t\t\t\t\t<span class=\"elementor-button-text\">Kontakt Dauermieter<\/span>\n\t\t\t\t\t<\/span>\n\t\t\t\t\t<\/a>\n\t\t\t\t<\/div>\n\t\t\t\t\t\t\t\t<\/div>\n\t\t\t\t<\/div>\n\t\t\t\t\t<\/div>\n\t\t\t\t<\/div>\n\t\t<div class=\"elementor-element elementor-element-2e5eeea e-flex e-con-boxed e-con e-parent\" data-id=\"2e5eeea\" data-element_type=\"container\" data-e-type=\"container\">\n\t\t\t\t\t<div class=\"e-con-inner\">\n\t\t<div class=\"elementor-element elementor-element-be79211 e-con-full e-flex e-con e-child\" data-id=\"be79211\" data-element_type=\"container\" data-e-type=\"container\">\n\t\t\t\t<div class=\"elementor-element elementor-element-8a4aee8 elementor-widget elementor-widget-heading\" data-id=\"8a4aee8\" data-element_type=\"widget\" data-e-type=\"widget\" data-widget_type=\"heading.default\">\n\t\t\t\t<div class=\"elementor-widget-container\">\n\t\t\t\t\t<h2 class=\"elementor-heading-title elementor-size-default\">Anfahrt mit dem Auto<\/h2>\t\t\t\t<\/div>\n\t\t\t\t<\/div>\n\t\t\t\t<div class=\"elementor-element elementor-element-e9c62a6 elementor-widget elementor-widget-text-editor\" data-id=\"e9c62a6\" data-element_type=\"widget\" data-e-type=\"widget\" data-widget_type=\"text-editor.default\">\n\t\t\t\t<div class=\"elementor-widget-container\">\n\t\t\t\t\t\t\t\t\t<p>Der Campingplatz <span style=\"text-align: var(--text-align); font-size: 1em;\">Cudrefin befindet sich<\/span><span style=\"text-align: var(--text-align); font-size: 1em;\">  Das Haus liegt weniger als 15 Minuten von der Autobahnausfahrt Avenches entfernt. Ein \u00f6ffentlicher Parkplatz steht am Eingang des Campingplatzes zur Verf\u00fcgung.<\/span><\/p>\n\t\t\t\t\t\t\t\t<\/div>\n\t\t\t\t<\/div>\n\t\t\t\t<div class=\"elementor-element elementor-element-146351f elementor-align-left elementor-widget elementor-widget-button\" data-id=\"146351f\" data-element_type=\"widget\" data-e-type=\"widget\" data-widget_type=\"button.default\">\n\t\t\t\t<div class=\"elementor-widget-container\">\n\t\t\t\t\t\t\t\t\t<div class=\"elementor-button-wrapper\">\n\t\t\t\t\t<a class=\"elementor-button elementor-button-link elementor-size-sm\" href=\"https:\/\/maps.app.goo.gl\/59AMNSnPvd2SutmP9\" target=\"_blank\">\n\t\t\t\t\t\t<span class=\"elementor-button-content-wrapper\">\n\t\t\t\t\t\t\t\t\t<span class=\"elementor-button-text\">Karte<\/span>\n\t\t\t\t\t<\/span>\n\t\t\t\t\t<\/a>\n\t\t\t\t<\/div>\n\t\t\t\t\t\t\t\t<\/div>\n\t\t\t\t<\/div>\n\t\t\t\t<div class=\"elementor-element elementor-element-43bf7ad elementor-widget elementor-widget-heading\" data-id=\"43bf7ad\" data-element_type=\"widget\" data-e-type=\"widget\" data-widget_type=\"heading.default\">\n\t\t\t\t<div class=\"elementor-widget-container\">\n\t\t\t\t\t<h2 class=\"elementor-heading-title elementor-size-default\">Zugang mit \u00f6ffentlichen Verkehrsmitteln<\/h2>\t\t\t\t<\/div>\n\t\t\t\t<\/div>\n\t\t\t\t<div class=\"elementor-element elementor-element-4690b92 elementor-widget elementor-widget-text-editor\" data-id=\"4690b92\" data-element_type=\"widget\" data-e-type=\"widget\" data-widget_type=\"text-editor.default\">\n\t\t\t\t<div class=\"elementor-widget-container\">\n\t\t\t\t\t\t\t\t\t<p>Unsere Bushaltestelle <b>Cudrefin, Camping <\/b>wird von den Bussen B540 und B535 vom Bahnhof Avenches oder vom Bahnhof Ins aus angefahren.<\/p>\n\t\t\t\t\t\t\t\t<\/div>\n\t\t\t\t<\/div>\n\t\t\t\t<div class=\"elementor-element elementor-element-da1e19a elementor-widget elementor-widget-button\" data-id=\"da1e19a\" data-element_type=\"widget\" data-e-type=\"widget\" data-widget_type=\"button.default\">\n\t\t\t\t<div class=\"elementor-widget-container\">\n\t\t\t\t\t\t\t\t\t<div class=\"elementor-button-wrapper\">\n\t\t\t\t\t<a class=\"elementor-button elementor-button-link elementor-size-sm\" href=\"https:\/\/www.sbb.ch\/de?date=%222024-01-23%22&#038;moment=%22DEPARTURE%22&#038;stops=%5B%7B%22label%22%3A%22%22%2C%22type%22%3A%22ID%22%2C%22value%22%3A%22%22%7D%2C%7B%22value%22%3A%228579746%22%2C%22type%22%3A%22ID%22%2C%22label%22%3A%22Cudrefin%2C%20camping%22%7D%5D&#038;time=%2218%3A10%22\" target=\"_blank\">\n\t\t\t\t\t\t<span class=\"elementor-button-content-wrapper\">\n\t\t\t\t\t\t\t\t\t<span class=\"elementor-button-text\">SBB-Route<\/span>\n\t\t\t\t\t<\/span>\n\t\t\t\t\t<\/a>\n\t\t\t\t<\/div>\n\t\t\t\t\t\t\t\t<\/div>\n\t\t\t\t<\/div>\n\t\t\t\t<\/div>\n\t\t<div class=\"elementor-element elementor-element-2b4a517 e-con-full e-flex e-con e-child\" data-id=\"2b4a517\" data-element_type=\"container\" data-e-type=\"container\" id=\"map-contact\" data-settings=\"{&quot;position&quot;:&quot;absolute&quot;}\">\n\t\t\t\t<div class=\"elementor-element elementor-element-3d28b67 elementor-widget elementor-widget-google_maps\" data-id=\"3d28b67\" data-element_type=\"widget\" data-e-type=\"widget\" data-widget_type=\"google_maps.default\">\n\t\t\t\t<div class=\"elementor-widget-container\">\n\t\t\t\t\t\t\t<div class=\"elementor-custom-embed\">\n\t\t\t<iframe loading=\"lazy\"\n\t\t\t\t\tsrc=\"https:\/\/maps.google.com\/maps?q=camping%20communal%20cudrefin&#038;t=m&#038;z=13&#038;output=embed&#038;iwloc=near\"\n\t\t\t\t\ttitle=\"camping communal cudrefin\"\n\t\t\t\t\taria-label=\"camping communal cudrefin\"\n\t\t\t><\/iframe>\n\t\t<\/div>\n\t\t\t\t\t\t<\/div>\n\t\t\t\t<\/div>\n\t\t\t\t<\/div>\n\t\t\t\t\t<\/div>\n\t\t\t\t<\/div>\n\t\t\t\t<\/div>\n\t\t","protected":false},"excerpt":{"rendered":"<p>+41 26 677 32 77 camping@cudrefin.ch Kontakt Dauermieter Anfahrt mit dem Auto Der Campingplatz Cudrefin befindet sich Das Haus liegt weniger als 15 Minuten von der Autobahnausfahrt Avenches entfernt. Ein \u00f6ffentlicher Parkplatz steht am Eingang des Campingplatzes zur Verf\u00fcgung. Karte Zugang mit \u00f6ffentlichen Verkehrsmitteln Unsere Bushaltestelle Cudrefin, Camping wird von den Bussen B540 und B535 [&hellip;]<\/p>\n","protected":false},"author":2,"featured_media":0,"parent":0,"menu_order":0,"comment_status":"closed","ping_status":"closed","template":"","meta":{"_acf_changed":false,"footnotes":""},"class_list":["post-31476","page","type-page","status-publish","hentry"],"acf":[],"yoast_head":"<!-- This site is optimized with the Yoast SEO plugin v27.2 - https:\/\/yoast.com\/product\/yoast-seo-wordpress\/ -->\n<title>Kontakt &amp; Anfahrt - Camping Cudrefin<\/title>\n<meta name=\"robots\" content=\"index, follow, max-snippet:-1, max-image-preview:large, max-video-preview:-1\" \/>\n<link rel=\"canonical\" href=\"https:\/\/camping-cudrefin.ch\/de\/kontakt-anfahrt\/\" \/>\n<meta property=\"og:locale\" content=\"de_DE\" \/>\n<meta property=\"og:type\" content=\"article\" \/>\n<meta property=\"og:title\" content=\"Kontakt &amp; Anfahrt - Camping Cudrefin\" \/>\n<meta property=\"og:description\" content=\"+41 26 677 32 77 camping@cudrefin.ch Kontakt Dauermieter Anfahrt mit dem Auto Der Campingplatz Cudrefin befindet sich Das Haus liegt weniger als 15 Minuten von der Autobahnausfahrt Avenches entfernt. Ein \u00f6ffentlicher Parkplatz steht am Eingang des Campingplatzes zur Verf\u00fcgung. Karte Zugang mit \u00f6ffentlichen Verkehrsmitteln Unsere Bushaltestelle Cudrefin, Camping wird von den Bussen B540 und B535 [&hellip;]\" \/>\n<meta property=\"og:url\" content=\"https:\/\/camping-cudrefin.ch\/de\/kontakt-anfahrt\/\" \/>\n<meta property=\"og:site_name\" content=\"Camping Cudrefin\" \/>\n<meta property=\"article:publisher\" content=\"https:\/\/www.facebook.com\/camping.cudrefin\" \/>\n<meta property=\"article:modified_time\" content=\"2024-11-19T11:24:47+00:00\" \/>\n<meta name=\"twitter:card\" content=\"summary_large_image\" \/>\n<script type=\"application\/ld+json\" class=\"yoast-schema-graph\">{\"@context\":\"https:\/\/schema.org\",\"@graph\":[{\"@type\":\"WebPage\",\"@id\":\"https:\/\/camping-cudrefin.ch\/de\/kontakt-anfahrt\/\",\"url\":\"https:\/\/camping-cudrefin.ch\/de\/kontakt-anfahrt\/\",\"name\":\"Kontakt &amp; Anfahrt - Camping Cudrefin\",\"isPartOf\":{\"@id\":\"https:\/\/camping-cudrefin.ch\/de\/#website\"},\"datePublished\":\"2024-01-29T12:48:44+00:00\",\"dateModified\":\"2024-11-19T11:24:47+00:00\",\"breadcrumb\":{\"@id\":\"https:\/\/camping-cudrefin.ch\/de\/kontakt-anfahrt\/#breadcrumb\"},\"inLanguage\":\"de\",\"potentialAction\":[{\"@type\":\"ReadAction\",\"target\":[\"https:\/\/camping-cudrefin.ch\/de\/kontakt-anfahrt\/\"]}]},{\"@type\":\"BreadcrumbList\",\"@id\":\"https:\/\/camping-cudrefin.ch\/de\/kontakt-anfahrt\/#breadcrumb\",\"itemListElement\":[{\"@type\":\"ListItem\",\"position\":1,\"name\":\"Home\",\"item\":\"https:\/\/camping-cudrefin.ch\/de\/\"},{\"@type\":\"ListItem\",\"position\":2,\"name\":\"Kontakt &amp; Anfahrt\"}]},{\"@type\":\"WebSite\",\"@id\":\"https:\/\/camping-cudrefin.ch\/de\/#website\",\"url\":\"https:\/\/camping-cudrefin.ch\/de\/\",\"name\":\"Camping Cudrefin\",\"description\":\"Le bonheur les pieds dans l&#039;eau\",\"publisher\":{\"@id\":\"https:\/\/camping-cudrefin.ch\/de\/#organization\"},\"potentialAction\":[{\"@type\":\"SearchAction\",\"target\":{\"@type\":\"EntryPoint\",\"urlTemplate\":\"https:\/\/camping-cudrefin.ch\/de\/?s={search_term_string}\"},\"query-input\":{\"@type\":\"PropertyValueSpecification\",\"valueRequired\":true,\"valueName\":\"search_term_string\"}}],\"inLanguage\":\"de\"},{\"@type\":\"Organization\",\"@id\":\"https:\/\/camping-cudrefin.ch\/de\/#organization\",\"name\":\"Camping Cudrefin\",\"url\":\"https:\/\/camping-cudrefin.ch\/de\/\",\"logo\":{\"@type\":\"ImageObject\",\"inLanguage\":\"de\",\"@id\":\"https:\/\/camping-cudrefin.ch\/de\/#\/schema\/logo\/image\/\",\"url\":\"https:\/\/camping-cudrefin.ch\/wp-content\/uploads\/2024\/01\/logo-camping-cudrefin.svg\",\"contentUrl\":\"https:\/\/camping-cudrefin.ch\/wp-content\/uploads\/2024\/01\/logo-camping-cudrefin.svg\",\"width\":573,\"height\":119,\"caption\":\"Camping Cudrefin\"},\"image\":{\"@id\":\"https:\/\/camping-cudrefin.ch\/de\/#\/schema\/logo\/image\/\"},\"sameAs\":[\"https:\/\/www.facebook.com\/camping.cudrefin\"]}]}<\/script>\n<!-- \/ Yoast SEO plugin. -->","yoast_head_json":{"title":"Kontakt &amp; Anfahrt - Camping Cudrefin","robots":{"index":"index","follow":"follow","max-snippet":"max-snippet:-1","max-image-preview":"max-image-preview:large","max-video-preview":"max-video-preview:-1"},"canonical":"https:\/\/camping-cudrefin.ch\/de\/kontakt-anfahrt\/","og_locale":"de_DE","og_type":"article","og_title":"Kontakt &amp; Anfahrt - Camping Cudrefin","og_description":"+41 26 677 32 77 camping@cudrefin.ch Kontakt Dauermieter Anfahrt mit dem Auto Der Campingplatz Cudrefin befindet sich Das Haus liegt weniger als 15 Minuten von der Autobahnausfahrt Avenches entfernt. Ein \u00f6ffentlicher Parkplatz steht am Eingang des Campingplatzes zur Verf\u00fcgung. Karte Zugang mit \u00f6ffentlichen Verkehrsmitteln Unsere Bushaltestelle Cudrefin, Camping wird von den Bussen B540 und B535 [&hellip;]","og_url":"https:\/\/camping-cudrefin.ch\/de\/kontakt-anfahrt\/","og_site_name":"Camping Cudrefin","article_publisher":"https:\/\/www.facebook.com\/camping.cudrefin","article_modified_time":"2024-11-19T11:24:47+00:00","twitter_card":"summary_large_image","schema":{"@context":"https:\/\/schema.org","@graph":[{"@type":"WebPage","@id":"https:\/\/camping-cudrefin.ch\/de\/kontakt-anfahrt\/","url":"https:\/\/camping-cudrefin.ch\/de\/kontakt-anfahrt\/","name":"Kontakt &amp; Anfahrt - Camping Cudrefin","isPartOf":{"@id":"https:\/\/camping-cudrefin.ch\/de\/#website"},"datePublished":"2024-01-29T12:48:44+00:00","dateModified":"2024-11-19T11:24:47+00:00","breadcrumb":{"@id":"https:\/\/camping-cudrefin.ch\/de\/kontakt-anfahrt\/#breadcrumb"},"inLanguage":"de","potentialAction":[{"@type":"ReadAction","target":["https:\/\/camping-cudrefin.ch\/de\/kontakt-anfahrt\/"]}]},{"@type":"BreadcrumbList","@id":"https:\/\/camping-cudrefin.ch\/de\/kontakt-anfahrt\/#breadcrumb","itemListElement":[{"@type":"ListItem","position":1,"name":"Home","item":"https:\/\/camping-cudrefin.ch\/de\/"},{"@type":"ListItem","position":2,"name":"Kontakt &amp; Anfahrt"}]},{"@type":"WebSite","@id":"https:\/\/camping-cudrefin.ch\/de\/#website","url":"https:\/\/camping-cudrefin.ch\/de\/","name":"Camping Cudrefin","description":"Le bonheur les pieds dans l&#039;eau","publisher":{"@id":"https:\/\/camping-cudrefin.ch\/de\/#organization"},"potentialAction":[{"@type":"SearchAction","target":{"@type":"EntryPoint","urlTemplate":"https:\/\/camping-cudrefin.ch\/de\/?s={search_term_string}"},"query-input":{"@type":"PropertyValueSpecification","valueRequired":true,"valueName":"search_term_string"}}],"inLanguage":"de"},{"@type":"Organization","@id":"https:\/\/camping-cudrefin.ch\/de\/#organization","name":"Camping Cudrefin","url":"https:\/\/camping-cudrefin.ch\/de\/","logo":{"@type":"ImageObject","inLanguage":"de","@id":"https:\/\/camping-cudrefin.ch\/de\/#\/schema\/logo\/image\/","url":"https:\/\/camping-cudrefin.ch\/wp-content\/uploads\/2024\/01\/logo-camping-cudrefin.svg","contentUrl":"https:\/\/camping-cudrefin.ch\/wp-content\/uploads\/2024\/01\/logo-camping-cudrefin.svg","width":573,"height":119,"caption":"Camping Cudrefin"},"image":{"@id":"https:\/\/camping-cudrefin.ch\/de\/#\/schema\/logo\/image\/"},"sameAs":["https:\/\/www.facebook.com\/camping.cudrefin"]}]}},"_links":{"self":[{"href":"https:\/\/camping-cudrefin.ch\/de\/wp-json\/wp\/v2\/pages\/31476","targetHints":{"allow":["GET"]}}],"collection":[{"href":"https:\/\/camping-cudrefin.ch\/de\/wp-json\/wp\/v2\/pages"}],"about":[{"href":"https:\/\/camping-cudrefin.ch\/de\/wp-json\/wp\/v2\/types\/page"}],"author":[{"embeddable":true,"href":"https:\/\/camping-cudrefin.ch\/de\/wp-json\/wp\/v2\/users\/2"}],"replies":[{"embeddable":true,"href":"https:\/\/camping-cudrefin.ch\/de\/wp-json\/wp\/v2\/comments?post=31476"}],"version-history":[{"count":5,"href":"https:\/\/camping-cudrefin.ch\/de\/wp-json\/wp\/v2\/pages\/31476\/revisions"}],"predecessor-version":[{"id":32047,"href":"https:\/\/camping-cudrefin.ch\/de\/wp-json\/wp\/v2\/pages\/31476\/revisions\/32047"}],"wp:attachment":[{"href":"https:\/\/camping-cudrefin.ch\/de\/wp-json\/wp\/v2\/media?parent=31476"}],"curies":[{"name":"wp","href":"https:\/\/api.w.org\/{rel}","templated":true}]}}